{"id":2830,"date":"2024-11-08T08:35:23","date_gmt":"2024-11-08T08:35:23","guid":{"rendered":"https:\/\/hawkcell.com\/?page_id=2830"},"modified":"2024-11-08T08:40:24","modified_gmt":"2024-11-08T08:40:24","slug":"irm-quantitative-pour-le-diagnostic-des-lesions-cerebrales-chez-les-chiens-et-les-chats-une-vue-densemble","status":"publish","type":"page","link":"https:\/\/hawkcell.com\/fr\/irm-quantitative-pour-le-diagnostic-des-lesions-cerebrales-chez-les-chiens-et-les-chats-une-vue-densemble\/","title":{"rendered":"IRM quantitative pour le diagnostic des l\u00e9sions c\u00e9r\u00e9brales chez les chiens et les chats : Une vue d&rsquo;ensemble"},"content":{"rendered":"","protected":false},"excerpt":{"rendered":"","protected":false},"author":3,"featured_media":0,"parent":0,"menu_order":0,"comment_status":"closed","ping_status":"closed","template":"page-landing-page.php","meta":{"_acf_changed":false,"content-type":"","_monsterinsights_skip_tracking":false,"_monsterinsights_sitenote_active":false,"_monsterinsights_sitenote_note":"","_monsterinsights_sitenote_category":0,"_themeisle_gutenberg_block_has_review":false,"footnotes":""},"class_list":["post-2830","page","type-page","status-publish","hentry"],"acf":[],"yoast_head":"<!-- This site is optimized with the Yoast SEO plugin v27.4 - https:\/\/yoast.com\/product\/yoast-seo-wordpress\/ -->\n<title>IRM quantitative pour le diagnostic des l\u00e9sions c\u00e9r\u00e9brales chez les chiens et les chats : Une vue d&#039;ensemble - HawkCell<\/title>\n<meta name=\"robots\" content=\"index, follow, max-snippet:-1, max-image-preview:large, max-video-preview:-1\" \/>\n<link rel=\"canonical\" href=\"https:\/\/hawkcell.com\/fr\/irm-quantitative-pour-le-diagnostic-des-lesions-cerebrales-chez-les-chiens-et-les-chats-une-vue-densemble\/\" \/>\n<meta property=\"og:locale\" content=\"fr_FR\" \/>\n<meta property=\"og:type\" content=\"article\" \/>\n<meta property=\"og:title\" content=\"IRM quantitative pour le diagnostic des l\u00e9sions c\u00e9r\u00e9brales chez les chiens et les chats : Une vue d&#039;ensemble - HawkCell\" \/>\n<meta property=\"og:url\" content=\"https:\/\/hawkcell.com\/fr\/irm-quantitative-pour-le-diagnostic-des-lesions-cerebrales-chez-les-chiens-et-les-chats-une-vue-densemble\/\" \/>\n<meta property=\"og:site_name\" content=\"HawkCell\" \/>\n<meta property=\"article:modified_time\" content=\"2024-11-08T08:40:24+00:00\" \/>\n<meta name=\"twitter:card\" content=\"summary_large_image\" \/>\n<meta name=\"twitter:label1\" content=\"Dur\u00e9e de lecture estim\u00e9e\" \/>\n\t<meta name=\"twitter:data1\" content=\"2 minutes\" \/>\n<script type=\"application\/ld+json\" class=\"yoast-schema-graph\">{\"@context\":\"https:\\\/\\\/schema.org\",\"@graph\":[{\"@type\":\"WebPage\",\"@id\":\"https:\\\/\\\/hawkcell.com\\\/fr\\\/irm-quantitative-pour-le-diagnostic-des-lesions-cerebrales-chez-les-chiens-et-les-chats-une-vue-densemble\\\/\",\"url\":\"https:\\\/\\\/hawkcell.com\\\/fr\\\/irm-quantitative-pour-le-diagnostic-des-lesions-cerebrales-chez-les-chiens-et-les-chats-une-vue-densemble\\\/\",\"name\":\"IRM quantitative pour le diagnostic des l\u00e9sions c\u00e9r\u00e9brales chez les chiens et les chats : Une vue d'ensemble - HawkCell\",\"isPartOf\":{\"@id\":\"https:\\\/\\\/hawkcell.com\\\/#website\"},\"datePublished\":\"2024-11-08T08:35:23+00:00\",\"dateModified\":\"2024-11-08T08:40:24+00:00\",\"breadcrumb\":{\"@id\":\"https:\\\/\\\/hawkcell.com\\\/fr\\\/irm-quantitative-pour-le-diagnostic-des-lesions-cerebrales-chez-les-chiens-et-les-chats-une-vue-densemble\\\/#breadcrumb\"},\"inLanguage\":\"fr-FR\",\"potentialAction\":[{\"@type\":\"ReadAction\",\"target\":[\"https:\\\/\\\/hawkcell.com\\\/fr\\\/irm-quantitative-pour-le-diagnostic-des-lesions-cerebrales-chez-les-chiens-et-les-chats-une-vue-densemble\\\/\"]}]},{\"@type\":\"BreadcrumbList\",\"@id\":\"https:\\\/\\\/hawkcell.com\\\/fr\\\/irm-quantitative-pour-le-diagnostic-des-lesions-cerebrales-chez-les-chiens-et-les-chats-une-vue-densemble\\\/#breadcrumb\",\"itemListElement\":[{\"@type\":\"ListItem\",\"position\":1,\"name\":\"Home\",\"item\":\"https:\\\/\\\/hawkcell.com\\\/fr\\\/\"},{\"@type\":\"ListItem\",\"position\":2,\"name\":\"IRM quantitative pour le diagnostic des l\u00e9sions c\u00e9r\u00e9brales chez les chiens et les chats : Une vue d&#8217;ensemble\"}]},{\"@type\":\"WebSite\",\"@id\":\"https:\\\/\\\/hawkcell.com\\\/#website\",\"url\":\"https:\\\/\\\/hawkcell.com\\\/\",\"name\":\"HawkCell\",\"description\":\"Shaping the Future of MRI for Animals\",\"publisher\":{\"@id\":\"https:\\\/\\\/hawkcell.com\\\/#organization\"},\"potentialAction\":[{\"@type\":\"SearchAction\",\"target\":{\"@type\":\"EntryPoint\",\"urlTemplate\":\"https:\\\/\\\/hawkcell.com\\\/?s={search_term_string}\"},\"query-input\":{\"@type\":\"PropertyValueSpecification\",\"valueRequired\":true,\"valueName\":\"search_term_string\"}}],\"inLanguage\":\"fr-FR\"},{\"@type\":\"Organization\",\"@id\":\"https:\\\/\\\/hawkcell.com\\\/#organization\",\"name\":\"HawkCell\",\"url\":\"https:\\\/\\\/hawkcell.com\\\/\",\"logo\":{\"@type\":\"ImageObject\",\"inLanguage\":\"fr-FR\",\"@id\":\"https:\\\/\\\/hawkcell.com\\\/#\\\/schema\\\/logo\\\/image\\\/\",\"url\":\"https:\\\/\\\/hawkcell.com\\\/wp-content\\\/uploads\\\/2022\\\/09\\\/screenshot.png\",\"contentUrl\":\"https:\\\/\\\/hawkcell.com\\\/wp-content\\\/uploads\\\/2022\\\/09\\\/screenshot.png\",\"width\":1200,\"height\":900,\"caption\":\"HawkCell\"},\"image\":{\"@id\":\"https:\\\/\\\/hawkcell.com\\\/#\\\/schema\\\/logo\\\/image\\\/\"},\"sameAs\":[\"https:\\\/\\\/www.linkedin.com\\\/company\\\/hawkcell\\\/\"]}]}<\/script>\n<!-- \/ Yoast SEO plugin. -->","yoast_head_json":{"title":"IRM quantitative pour le diagnostic des l\u00e9sions c\u00e9r\u00e9brales chez les chiens et les chats : Une vue d'ensemble - HawkCell","robots":{"index":"index","follow":"follow","max-snippet":"max-snippet:-1","max-image-preview":"max-image-preview:large","max-video-preview":"max-video-preview:-1"},"canonical":"https:\/\/hawkcell.com\/fr\/irm-quantitative-pour-le-diagnostic-des-lesions-cerebrales-chez-les-chiens-et-les-chats-une-vue-densemble\/","og_locale":"fr_FR","og_type":"article","og_title":"IRM quantitative pour le diagnostic des l\u00e9sions c\u00e9r\u00e9brales chez les chiens et les chats : Une vue d'ensemble - HawkCell","og_url":"https:\/\/hawkcell.com\/fr\/irm-quantitative-pour-le-diagnostic-des-lesions-cerebrales-chez-les-chiens-et-les-chats-une-vue-densemble\/","og_site_name":"HawkCell","article_modified_time":"2024-11-08T08:40:24+00:00","twitter_card":"summary_large_image","twitter_misc":{"Dur\u00e9e de lecture estim\u00e9e":"2 minutes"},"schema":{"@context":"https:\/\/schema.org","@graph":[{"@type":"WebPage","@id":"https:\/\/hawkcell.com\/fr\/irm-quantitative-pour-le-diagnostic-des-lesions-cerebrales-chez-les-chiens-et-les-chats-une-vue-densemble\/","url":"https:\/\/hawkcell.com\/fr\/irm-quantitative-pour-le-diagnostic-des-lesions-cerebrales-chez-les-chiens-et-les-chats-une-vue-densemble\/","name":"IRM quantitative pour le diagnostic des l\u00e9sions c\u00e9r\u00e9brales chez les chiens et les chats : Une vue d'ensemble - HawkCell","isPartOf":{"@id":"https:\/\/hawkcell.com\/#website"},"datePublished":"2024-11-08T08:35:23+00:00","dateModified":"2024-11-08T08:40:24+00:00","breadcrumb":{"@id":"https:\/\/hawkcell.com\/fr\/irm-quantitative-pour-le-diagnostic-des-lesions-cerebrales-chez-les-chiens-et-les-chats-une-vue-densemble\/#breadcrumb"},"inLanguage":"fr-FR","potentialAction":[{"@type":"ReadAction","target":["https:\/\/hawkcell.com\/fr\/irm-quantitative-pour-le-diagnostic-des-lesions-cerebrales-chez-les-chiens-et-les-chats-une-vue-densemble\/"]}]},{"@type":"BreadcrumbList","@id":"https:\/\/hawkcell.com\/fr\/irm-quantitative-pour-le-diagnostic-des-lesions-cerebrales-chez-les-chiens-et-les-chats-une-vue-densemble\/#breadcrumb","itemListElement":[{"@type":"ListItem","position":1,"name":"Home","item":"https:\/\/hawkcell.com\/fr\/"},{"@type":"ListItem","position":2,"name":"IRM quantitative pour le diagnostic des l\u00e9sions c\u00e9r\u00e9brales chez les chiens et les chats : Une vue d&#8217;ensemble"}]},{"@type":"WebSite","@id":"https:\/\/hawkcell.com\/#website","url":"https:\/\/hawkcell.com\/","name":"HawkCell","description":"Shaping the Future of MRI for Animals","publisher":{"@id":"https:\/\/hawkcell.com\/#organization"},"potentialAction":[{"@type":"SearchAction","target":{"@type":"EntryPoint","urlTemplate":"https:\/\/hawkcell.com\/?s={search_term_string}"},"query-input":{"@type":"PropertyValueSpecification","valueRequired":true,"valueName":"search_term_string"}}],"inLanguage":"fr-FR"},{"@type":"Organization","@id":"https:\/\/hawkcell.com\/#organization","name":"HawkCell","url":"https:\/\/hawkcell.com\/","logo":{"@type":"ImageObject","inLanguage":"fr-FR","@id":"https:\/\/hawkcell.com\/#\/schema\/logo\/image\/","url":"https:\/\/hawkcell.com\/wp-content\/uploads\/2022\/09\/screenshot.png","contentUrl":"https:\/\/hawkcell.com\/wp-content\/uploads\/2022\/09\/screenshot.png","width":1200,"height":900,"caption":"HawkCell"},"image":{"@id":"https:\/\/hawkcell.com\/#\/schema\/logo\/image\/"},"sameAs":["https:\/\/www.linkedin.com\/company\/hawkcell\/"]}]}},"_links":{"self":[{"href":"https:\/\/hawkcell.com\/fr\/wp-json\/wp\/v2\/pages\/2830","targetHints":{"allow":["GET"]}}],"collection":[{"href":"https:\/\/hawkcell.com\/fr\/wp-json\/wp\/v2\/pages"}],"about":[{"href":"https:\/\/hawkcell.com\/fr\/wp-json\/wp\/v2\/types\/page"}],"author":[{"embeddable":true,"href":"https:\/\/hawkcell.com\/fr\/wp-json\/wp\/v2\/users\/3"}],"replies":[{"embeddable":true,"href":"https:\/\/hawkcell.com\/fr\/wp-json\/wp\/v2\/comments?post=2830"}],"version-history":[{"count":2,"href":"https:\/\/hawkcell.com\/fr\/wp-json\/wp\/v2\/pages\/2830\/revisions"}],"predecessor-version":[{"id":2834,"href":"https:\/\/hawkcell.com\/fr\/wp-json\/wp\/v2\/pages\/2830\/revisions\/2834"}],"wp:attachment":[{"href":"https:\/\/hawkcell.com\/fr\/wp-json\/wp\/v2\/media?parent=2830"}],"curies":[{"name":"wp","href":"https:\/\/api.w.org\/{rel}","templated":true}]}}