{"id":827,"date":"2022-06-13T13:19:17","date_gmt":"2022-06-13T13:19:17","guid":{"rendered":"https:\/\/hawkcell.com\/researchers-efficient-ethical-preclinical-studies\/"},"modified":"2025-03-21T08:32:42","modified_gmt":"2025-03-21T08:32:42","slug":"chercheurs","status":"publish","type":"page","link":"https:\/\/hawkcell.com\/fr\/chercheurs\/","title":{"rendered":"Chercheurs"},"content":{"rendered":"","protected":false},"excerpt":{"rendered":"","protected":false},"author":1,"featured_media":1977,"parent":0,"menu_order":0,"comment_status":"closed","ping_status":"closed","template":"page-landing-page.php","meta":{"_acf_changed":false,"content-type":"","_monsterinsights_skip_tracking":false,"_monsterinsights_sitenote_active":false,"_monsterinsights_sitenote_note":"","_monsterinsights_sitenote_category":0,"_themeisle_gutenberg_block_has_review":false,"footnotes":""},"class_list":["post-827","page","type-page","status-publish","has-post-thumbnail","hentry"],"acf":[],"yoast_head":"<!-- This site is optimized with the Yoast SEO plugin v27.3 - https:\/\/yoast.com\/product\/yoast-seo-wordpress\/ -->\n<title>Solutions IRM pr\u00e9cliniques pour les chercheurs<\/title>\n<meta name=\"description\" content=\"Am\u00e9liorez la pr\u00e9cision, optimisez les flux de travail et acc\u00e9l\u00e9rez vos d\u00e9couvertes gr\u00e2ce aux solutions IRM pr\u00e9cliniques pour les chercheurs.\" \/>\n<meta name=\"robots\" content=\"index, follow, max-snippet:-1, max-image-preview:large, max-video-preview:-1\" \/>\n<link rel=\"canonical\" href=\"https:\/\/hawkcell.com\/fr\/chercheurs\/\" \/>\n<meta property=\"og:locale\" content=\"fr_FR\" \/>\n<meta property=\"og:type\" content=\"article\" \/>\n<meta property=\"og:title\" content=\"Solutions IRM pr\u00e9cliniques pour les chercheurs\" \/>\n<meta property=\"og:description\" content=\"Am\u00e9liorez la pr\u00e9cision, optimisez les flux de travail et acc\u00e9l\u00e9rez vos d\u00e9couvertes gr\u00e2ce aux solutions IRM pr\u00e9cliniques pour les chercheurs.\" \/>\n<meta property=\"og:url\" content=\"https:\/\/hawkcell.com\/fr\/chercheurs\/\" \/>\n<meta property=\"og:site_name\" content=\"HawkCell\" \/>\n<meta property=\"article:modified_time\" content=\"2025-03-21T08:32:42+00:00\" \/>\n<meta property=\"og:image\" content=\"https:\/\/hawkcell.com\/wp-content\/uploads\/2024\/09\/Capture-decran-2024-09-25-a-15.07.17-1.png\" \/>\n\t<meta property=\"og:image:width\" content=\"1920\" \/>\n\t<meta property=\"og:image:height\" content=\"1082\" \/>\n\t<meta property=\"og:image:type\" content=\"image\/png\" \/>\n<meta name=\"twitter:card\" content=\"summary_large_image\" \/>\n<meta name=\"twitter:label1\" content=\"Dur\u00e9e de lecture estim\u00e9e\" \/>\n\t<meta name=\"twitter:data1\" content=\"5 minutes\" \/>\n<script type=\"application\/ld+json\" class=\"yoast-schema-graph\">{\"@context\":\"https:\\\/\\\/schema.org\",\"@graph\":[{\"@type\":\"WebPage\",\"@id\":\"https:\\\/\\\/hawkcell.com\\\/fr\\\/chercheurs\\\/\",\"url\":\"https:\\\/\\\/hawkcell.com\\\/fr\\\/chercheurs\\\/\",\"name\":\"Solutions IRM pr\u00e9cliniques pour les chercheurs\",\"isPartOf\":{\"@id\":\"https:\\\/\\\/hawkcell.com\\\/#website\"},\"primaryImageOfPage\":{\"@id\":\"https:\\\/\\\/hawkcell.com\\\/fr\\\/chercheurs\\\/#primaryimage\"},\"image\":{\"@id\":\"https:\\\/\\\/hawkcell.com\\\/fr\\\/chercheurs\\\/#primaryimage\"},\"thumbnailUrl\":\"https:\\\/\\\/hawkcell.com\\\/wp-content\\\/uploads\\\/2024\\\/09\\\/Capture-decran-2024-09-25-a-15.07.17-1.png\",\"datePublished\":\"2022-06-13T13:19:17+00:00\",\"dateModified\":\"2025-03-21T08:32:42+00:00\",\"description\":\"Am\u00e9liorez la pr\u00e9cision, optimisez les flux de travail et acc\u00e9l\u00e9rez vos d\u00e9couvertes gr\u00e2ce aux solutions IRM pr\u00e9cliniques pour les chercheurs.\",\"breadcrumb\":{\"@id\":\"https:\\\/\\\/hawkcell.com\\\/fr\\\/chercheurs\\\/#breadcrumb\"},\"inLanguage\":\"fr-FR\",\"potentialAction\":[{\"@type\":\"ReadAction\",\"target\":[\"https:\\\/\\\/hawkcell.com\\\/fr\\\/chercheurs\\\/\"]}]},{\"@type\":\"ImageObject\",\"inLanguage\":\"fr-FR\",\"@id\":\"https:\\\/\\\/hawkcell.com\\\/fr\\\/chercheurs\\\/#primaryimage\",\"url\":\"https:\\\/\\\/hawkcell.com\\\/wp-content\\\/uploads\\\/2024\\\/09\\\/Capture-decran-2024-09-25-a-15.07.17-1.png\",\"contentUrl\":\"https:\\\/\\\/hawkcell.com\\\/wp-content\\\/uploads\\\/2024\\\/09\\\/Capture-decran-2024-09-25-a-15.07.17-1.png\",\"width\":1920,\"height\":1082,\"caption\":\"Solutions IRM pr\u00e9cliniques pour les chercheurs - Chercheurs MRI\"},{\"@type\":\"BreadcrumbList\",\"@id\":\"https:\\\/\\\/hawkcell.com\\\/fr\\\/chercheurs\\\/#breadcrumb\",\"itemListElement\":[{\"@type\":\"ListItem\",\"position\":1,\"name\":\"Home\",\"item\":\"https:\\\/\\\/hawkcell.com\\\/fr\\\/\"},{\"@type\":\"ListItem\",\"position\":2,\"name\":\"Chercheurs\"}]},{\"@type\":\"WebSite\",\"@id\":\"https:\\\/\\\/hawkcell.com\\\/#website\",\"url\":\"https:\\\/\\\/hawkcell.com\\\/\",\"name\":\"HawkCell\",\"description\":\"Shaping the Future of MRI for Animals\",\"publisher\":{\"@id\":\"https:\\\/\\\/hawkcell.com\\\/#organization\"},\"potentialAction\":[{\"@type\":\"SearchAction\",\"target\":{\"@type\":\"EntryPoint\",\"urlTemplate\":\"https:\\\/\\\/hawkcell.com\\\/?s={search_term_string}\"},\"query-input\":{\"@type\":\"PropertyValueSpecification\",\"valueRequired\":true,\"valueName\":\"search_term_string\"}}],\"inLanguage\":\"fr-FR\"},{\"@type\":\"Organization\",\"@id\":\"https:\\\/\\\/hawkcell.com\\\/#organization\",\"name\":\"HawkCell\",\"url\":\"https:\\\/\\\/hawkcell.com\\\/\",\"logo\":{\"@type\":\"ImageObject\",\"inLanguage\":\"fr-FR\",\"@id\":\"https:\\\/\\\/hawkcell.com\\\/#\\\/schema\\\/logo\\\/image\\\/\",\"url\":\"https:\\\/\\\/hawkcell.com\\\/wp-content\\\/uploads\\\/2022\\\/09\\\/screenshot.png\",\"contentUrl\":\"https:\\\/\\\/hawkcell.com\\\/wp-content\\\/uploads\\\/2022\\\/09\\\/screenshot.png\",\"width\":1200,\"height\":900,\"caption\":\"HawkCell\"},\"image\":{\"@id\":\"https:\\\/\\\/hawkcell.com\\\/#\\\/schema\\\/logo\\\/image\\\/\"},\"sameAs\":[\"https:\\\/\\\/www.linkedin.com\\\/company\\\/hawkcell\\\/\"]}]}<\/script>\n<!-- \/ Yoast SEO plugin. -->","yoast_head_json":{"title":"Solutions IRM pr\u00e9cliniques pour les chercheurs","description":"Am\u00e9liorez la pr\u00e9cision, optimisez les flux de travail et acc\u00e9l\u00e9rez vos d\u00e9couvertes gr\u00e2ce aux solutions IRM pr\u00e9cliniques pour les chercheurs.","robots":{"index":"index","follow":"follow","max-snippet":"max-snippet:-1","max-image-preview":"max-image-preview:large","max-video-preview":"max-video-preview:-1"},"canonical":"https:\/\/hawkcell.com\/fr\/chercheurs\/","og_locale":"fr_FR","og_type":"article","og_title":"Solutions IRM pr\u00e9cliniques pour les chercheurs","og_description":"Am\u00e9liorez la pr\u00e9cision, optimisez les flux de travail et acc\u00e9l\u00e9rez vos d\u00e9couvertes gr\u00e2ce aux solutions IRM pr\u00e9cliniques pour les chercheurs.","og_url":"https:\/\/hawkcell.com\/fr\/chercheurs\/","og_site_name":"HawkCell","article_modified_time":"2025-03-21T08:32:42+00:00","og_image":[{"width":1920,"height":1082,"url":"https:\/\/hawkcell.com\/wp-content\/uploads\/2024\/09\/Capture-decran-2024-09-25-a-15.07.17-1.png","type":"image\/png"}],"twitter_card":"summary_large_image","twitter_misc":{"Dur\u00e9e de lecture estim\u00e9e":"5 minutes"},"schema":{"@context":"https:\/\/schema.org","@graph":[{"@type":"WebPage","@id":"https:\/\/hawkcell.com\/fr\/chercheurs\/","url":"https:\/\/hawkcell.com\/fr\/chercheurs\/","name":"Solutions IRM pr\u00e9cliniques pour les chercheurs","isPartOf":{"@id":"https:\/\/hawkcell.com\/#website"},"primaryImageOfPage":{"@id":"https:\/\/hawkcell.com\/fr\/chercheurs\/#primaryimage"},"image":{"@id":"https:\/\/hawkcell.com\/fr\/chercheurs\/#primaryimage"},"thumbnailUrl":"https:\/\/hawkcell.com\/wp-content\/uploads\/2024\/09\/Capture-decran-2024-09-25-a-15.07.17-1.png","datePublished":"2022-06-13T13:19:17+00:00","dateModified":"2025-03-21T08:32:42+00:00","description":"Am\u00e9liorez la pr\u00e9cision, optimisez les flux de travail et acc\u00e9l\u00e9rez vos d\u00e9couvertes gr\u00e2ce aux solutions IRM pr\u00e9cliniques pour les chercheurs.","breadcrumb":{"@id":"https:\/\/hawkcell.com\/fr\/chercheurs\/#breadcrumb"},"inLanguage":"fr-FR","potentialAction":[{"@type":"ReadAction","target":["https:\/\/hawkcell.com\/fr\/chercheurs\/"]}]},{"@type":"ImageObject","inLanguage":"fr-FR","@id":"https:\/\/hawkcell.com\/fr\/chercheurs\/#primaryimage","url":"https:\/\/hawkcell.com\/wp-content\/uploads\/2024\/09\/Capture-decran-2024-09-25-a-15.07.17-1.png","contentUrl":"https:\/\/hawkcell.com\/wp-content\/uploads\/2024\/09\/Capture-decran-2024-09-25-a-15.07.17-1.png","width":1920,"height":1082,"caption":"Solutions IRM pr\u00e9cliniques pour les chercheurs - Chercheurs MRI"},{"@type":"BreadcrumbList","@id":"https:\/\/hawkcell.com\/fr\/chercheurs\/#breadcrumb","itemListElement":[{"@type":"ListItem","position":1,"name":"Home","item":"https:\/\/hawkcell.com\/fr\/"},{"@type":"ListItem","position":2,"name":"Chercheurs"}]},{"@type":"WebSite","@id":"https:\/\/hawkcell.com\/#website","url":"https:\/\/hawkcell.com\/","name":"HawkCell","description":"Shaping the Future of MRI for Animals","publisher":{"@id":"https:\/\/hawkcell.com\/#organization"},"potentialAction":[{"@type":"SearchAction","target":{"@type":"EntryPoint","urlTemplate":"https:\/\/hawkcell.com\/?s={search_term_string}"},"query-input":{"@type":"PropertyValueSpecification","valueRequired":true,"valueName":"search_term_string"}}],"inLanguage":"fr-FR"},{"@type":"Organization","@id":"https:\/\/hawkcell.com\/#organization","name":"HawkCell","url":"https:\/\/hawkcell.com\/","logo":{"@type":"ImageObject","inLanguage":"fr-FR","@id":"https:\/\/hawkcell.com\/#\/schema\/logo\/image\/","url":"https:\/\/hawkcell.com\/wp-content\/uploads\/2022\/09\/screenshot.png","contentUrl":"https:\/\/hawkcell.com\/wp-content\/uploads\/2022\/09\/screenshot.png","width":1200,"height":900,"caption":"HawkCell"},"image":{"@id":"https:\/\/hawkcell.com\/#\/schema\/logo\/image\/"},"sameAs":["https:\/\/www.linkedin.com\/company\/hawkcell\/"]}]}},"_links":{"self":[{"href":"https:\/\/hawkcell.com\/fr\/wp-json\/wp\/v2\/pages\/827","targetHints":{"allow":["GET"]}}],"collection":[{"href":"https:\/\/hawkcell.com\/fr\/wp-json\/wp\/v2\/pages"}],"about":[{"href":"https:\/\/hawkcell.com\/fr\/wp-json\/wp\/v2\/types\/page"}],"author":[{"embeddable":true,"href":"https:\/\/hawkcell.com\/fr\/wp-json\/wp\/v2\/users\/1"}],"replies":[{"embeddable":true,"href":"https:\/\/hawkcell.com\/fr\/wp-json\/wp\/v2\/comments?post=827"}],"version-history":[{"count":15,"href":"https:\/\/hawkcell.com\/fr\/wp-json\/wp\/v2\/pages\/827\/revisions"}],"predecessor-version":[{"id":3113,"href":"https:\/\/hawkcell.com\/fr\/wp-json\/wp\/v2\/pages\/827\/revisions\/3113"}],"wp:featuredmedia":[{"embeddable":true,"href":"https:\/\/hawkcell.com\/fr\/wp-json\/wp\/v2\/media\/1977"}],"wp:attachment":[{"href":"https:\/\/hawkcell.com\/fr\/wp-json\/wp\/v2\/media?parent=827"}],"curies":[{"name":"wp","href":"https:\/\/api.w.org\/{rel}","templated":true}]}}