{"id":832,"date":"2022-09-05T09:50:13","date_gmt":"2022-09-05T09:50:13","guid":{"rendered":"https:\/\/hawkcell.com\/training-hawkcell-mri-training-courses\/"},"modified":"2022-11-07T16:54:58","modified_gmt":"2022-11-07T16:54:58","slug":"formation","status":"publish","type":"page","link":"https:\/\/hawkcell.com\/fr\/formation\/","title":{"rendered":"Formation"},"content":{"rendered":"","protected":false},"excerpt":{"rendered":"","protected":false},"author":3,"featured_media":0,"parent":0,"menu_order":0,"comment_status":"closed","ping_status":"closed","template":"page-landing-page.php","meta":{"_acf_changed":false,"content-type":"","_monsterinsights_skip_tracking":false,"_monsterinsights_sitenote_active":false,"_monsterinsights_sitenote_note":"","_monsterinsights_sitenote_category":0,"_themeisle_gutenberg_block_has_review":false,"footnotes":""},"class_list":["post-832","page","type-page","status-publish","hentry"],"acf":[],"yoast_head":"<!-- This site is optimized with the Yoast SEO plugin v27.3 - https:\/\/yoast.com\/product\/yoast-seo-wordpress\/ -->\n<title>Formation | HawkCell<\/title>\n<meta name=\"description\" content=\"Lib\u00e9rez tout le potentiel de l&#039;IRM. La solution HawkCell est accompagn\u00e9e de formations pour une utilisation s\u00e9curis\u00e9e et optimis\u00e9e de votre IRM. T\u00e9l\u00e9chargez notre catalogue pour b\u00e9n\u00e9ficier de formations sur l&#039;IRM. potentiel IRM\" \/>\n<meta name=\"robots\" content=\"index, follow, max-snippet:-1, max-image-preview:large, max-video-preview:-1\" \/>\n<link rel=\"canonical\" href=\"https:\/\/hawkcell.com\/fr\/formation\/\" \/>\n<meta property=\"og:locale\" content=\"fr_FR\" \/>\n<meta property=\"og:type\" content=\"article\" \/>\n<meta property=\"og:title\" content=\"Formation | HawkCell\" \/>\n<meta property=\"og:description\" content=\"Lib\u00e9rez tout le potentiel de l&#039;IRM. La solution HawkCell est accompagn\u00e9e de formations pour une utilisation s\u00e9curis\u00e9e et optimis\u00e9e de votre IRM. T\u00e9l\u00e9chargez notre catalogue pour b\u00e9n\u00e9ficier de formations sur l&#039;IRM. potentiel IRM\" \/>\n<meta property=\"og:url\" content=\"https:\/\/hawkcell.com\/fr\/formation\/\" \/>\n<meta property=\"og:site_name\" content=\"HawkCell\" \/>\n<meta property=\"article:modified_time\" content=\"2022-11-07T16:54:58+00:00\" \/>\n<meta name=\"twitter:card\" content=\"summary_large_image\" \/>\n<script type=\"application\/ld+json\" class=\"yoast-schema-graph\">{\"@context\":\"https:\\\/\\\/schema.org\",\"@graph\":[{\"@type\":\"WebPage\",\"@id\":\"https:\\\/\\\/hawkcell.com\\\/fr\\\/formation\\\/\",\"url\":\"https:\\\/\\\/hawkcell.com\\\/fr\\\/formation\\\/\",\"name\":\"Formation | HawkCell\",\"isPartOf\":{\"@id\":\"https:\\\/\\\/hawkcell.com\\\/#website\"},\"datePublished\":\"2022-09-05T09:50:13+00:00\",\"dateModified\":\"2022-11-07T16:54:58+00:00\",\"description\":\"Lib\u00e9rez tout le potentiel de l'IRM. La solution HawkCell est accompagn\u00e9e de formations pour une utilisation s\u00e9curis\u00e9e et optimis\u00e9e de votre IRM. T\u00e9l\u00e9chargez notre catalogue pour b\u00e9n\u00e9ficier de formations sur l'IRM. potentiel IRM\",\"breadcrumb\":{\"@id\":\"https:\\\/\\\/hawkcell.com\\\/fr\\\/formation\\\/#breadcrumb\"},\"inLanguage\":\"fr-FR\",\"potentialAction\":[{\"@type\":\"ReadAction\",\"target\":[\"https:\\\/\\\/hawkcell.com\\\/fr\\\/formation\\\/\"]}]},{\"@type\":\"BreadcrumbList\",\"@id\":\"https:\\\/\\\/hawkcell.com\\\/fr\\\/formation\\\/#breadcrumb\",\"itemListElement\":[{\"@type\":\"ListItem\",\"position\":1,\"name\":\"Home\",\"item\":\"https:\\\/\\\/hawkcell.com\\\/fr\\\/\"},{\"@type\":\"ListItem\",\"position\":2,\"name\":\"Formation\"}]},{\"@type\":\"WebSite\",\"@id\":\"https:\\\/\\\/hawkcell.com\\\/#website\",\"url\":\"https:\\\/\\\/hawkcell.com\\\/\",\"name\":\"HawkCell\",\"description\":\"Shaping the Future of MRI for Animals\",\"publisher\":{\"@id\":\"https:\\\/\\\/hawkcell.com\\\/#organization\"},\"potentialAction\":[{\"@type\":\"SearchAction\",\"target\":{\"@type\":\"EntryPoint\",\"urlTemplate\":\"https:\\\/\\\/hawkcell.com\\\/?s={search_term_string}\"},\"query-input\":{\"@type\":\"PropertyValueSpecification\",\"valueRequired\":true,\"valueName\":\"search_term_string\"}}],\"inLanguage\":\"fr-FR\"},{\"@type\":\"Organization\",\"@id\":\"https:\\\/\\\/hawkcell.com\\\/#organization\",\"name\":\"HawkCell\",\"url\":\"https:\\\/\\\/hawkcell.com\\\/\",\"logo\":{\"@type\":\"ImageObject\",\"inLanguage\":\"fr-FR\",\"@id\":\"https:\\\/\\\/hawkcell.com\\\/#\\\/schema\\\/logo\\\/image\\\/\",\"url\":\"https:\\\/\\\/hawkcell.com\\\/wp-content\\\/uploads\\\/2022\\\/09\\\/screenshot.png\",\"contentUrl\":\"https:\\\/\\\/hawkcell.com\\\/wp-content\\\/uploads\\\/2022\\\/09\\\/screenshot.png\",\"width\":1200,\"height\":900,\"caption\":\"HawkCell\"},\"image\":{\"@id\":\"https:\\\/\\\/hawkcell.com\\\/#\\\/schema\\\/logo\\\/image\\\/\"},\"sameAs\":[\"https:\\\/\\\/www.linkedin.com\\\/company\\\/hawkcell\\\/\"]}]}<\/script>\n<!-- \/ Yoast SEO plugin. -->","yoast_head_json":{"title":"Formation | HawkCell","description":"Lib\u00e9rez tout le potentiel de l'IRM. La solution HawkCell est accompagn\u00e9e de formations pour une utilisation s\u00e9curis\u00e9e et optimis\u00e9e de votre IRM. T\u00e9l\u00e9chargez notre catalogue pour b\u00e9n\u00e9ficier de formations sur l'IRM. potentiel IRM","robots":{"index":"index","follow":"follow","max-snippet":"max-snippet:-1","max-image-preview":"max-image-preview:large","max-video-preview":"max-video-preview:-1"},"canonical":"https:\/\/hawkcell.com\/fr\/formation\/","og_locale":"fr_FR","og_type":"article","og_title":"Formation | HawkCell","og_description":"Lib\u00e9rez tout le potentiel de l'IRM. La solution HawkCell est accompagn\u00e9e de formations pour une utilisation s\u00e9curis\u00e9e et optimis\u00e9e de votre IRM. T\u00e9l\u00e9chargez notre catalogue pour b\u00e9n\u00e9ficier de formations sur l'IRM. potentiel IRM","og_url":"https:\/\/hawkcell.com\/fr\/formation\/","og_site_name":"HawkCell","article_modified_time":"2022-11-07T16:54:58+00:00","twitter_card":"summary_large_image","schema":{"@context":"https:\/\/schema.org","@graph":[{"@type":"WebPage","@id":"https:\/\/hawkcell.com\/fr\/formation\/","url":"https:\/\/hawkcell.com\/fr\/formation\/","name":"Formation | HawkCell","isPartOf":{"@id":"https:\/\/hawkcell.com\/#website"},"datePublished":"2022-09-05T09:50:13+00:00","dateModified":"2022-11-07T16:54:58+00:00","description":"Lib\u00e9rez tout le potentiel de l'IRM. La solution HawkCell est accompagn\u00e9e de formations pour une utilisation s\u00e9curis\u00e9e et optimis\u00e9e de votre IRM. T\u00e9l\u00e9chargez notre catalogue pour b\u00e9n\u00e9ficier de formations sur l'IRM. potentiel IRM","breadcrumb":{"@id":"https:\/\/hawkcell.com\/fr\/formation\/#breadcrumb"},"inLanguage":"fr-FR","potentialAction":[{"@type":"ReadAction","target":["https:\/\/hawkcell.com\/fr\/formation\/"]}]},{"@type":"BreadcrumbList","@id":"https:\/\/hawkcell.com\/fr\/formation\/#breadcrumb","itemListElement":[{"@type":"ListItem","position":1,"name":"Home","item":"https:\/\/hawkcell.com\/fr\/"},{"@type":"ListItem","position":2,"name":"Formation"}]},{"@type":"WebSite","@id":"https:\/\/hawkcell.com\/#website","url":"https:\/\/hawkcell.com\/","name":"HawkCell","description":"Shaping the Future of MRI for Animals","publisher":{"@id":"https:\/\/hawkcell.com\/#organization"},"potentialAction":[{"@type":"SearchAction","target":{"@type":"EntryPoint","urlTemplate":"https:\/\/hawkcell.com\/?s={search_term_string}"},"query-input":{"@type":"PropertyValueSpecification","valueRequired":true,"valueName":"search_term_string"}}],"inLanguage":"fr-FR"},{"@type":"Organization","@id":"https:\/\/hawkcell.com\/#organization","name":"HawkCell","url":"https:\/\/hawkcell.com\/","logo":{"@type":"ImageObject","inLanguage":"fr-FR","@id":"https:\/\/hawkcell.com\/#\/schema\/logo\/image\/","url":"https:\/\/hawkcell.com\/wp-content\/uploads\/2022\/09\/screenshot.png","contentUrl":"https:\/\/hawkcell.com\/wp-content\/uploads\/2022\/09\/screenshot.png","width":1200,"height":900,"caption":"HawkCell"},"image":{"@id":"https:\/\/hawkcell.com\/#\/schema\/logo\/image\/"},"sameAs":["https:\/\/www.linkedin.com\/company\/hawkcell\/"]}]}},"_links":{"self":[{"href":"https:\/\/hawkcell.com\/fr\/wp-json\/wp\/v2\/pages\/832","targetHints":{"allow":["GET"]}}],"collection":[{"href":"https:\/\/hawkcell.com\/fr\/wp-json\/wp\/v2\/pages"}],"about":[{"href":"https:\/\/hawkcell.com\/fr\/wp-json\/wp\/v2\/types\/page"}],"author":[{"embeddable":true,"href":"https:\/\/hawkcell.com\/fr\/wp-json\/wp\/v2\/users\/3"}],"replies":[{"embeddable":true,"href":"https:\/\/hawkcell.com\/fr\/wp-json\/wp\/v2\/comments?post=832"}],"version-history":[{"count":4,"href":"https:\/\/hawkcell.com\/fr\/wp-json\/wp\/v2\/pages\/832\/revisions"}],"predecessor-version":[{"id":905,"href":"https:\/\/hawkcell.com\/fr\/wp-json\/wp\/v2\/pages\/832\/revisions\/905"}],"wp:attachment":[{"href":"https:\/\/hawkcell.com\/fr\/wp-json\/wp\/v2\/media?parent=832"}],"curies":[{"name":"wp","href":"https:\/\/api.w.org\/{rel}","templated":true}]}}